{"id":29385,"date":"2019-12-05T13:19:08","date_gmt":"2019-12-05T12:19:08","guid":{"rendered":"https:\/\/khemarapepper.com\/prodotto\/il-trio\/"},"modified":"2026-03-24T08:35:12","modified_gmt":"2026-03-24T07:35:12","slug":"il-trio","status":"publish","type":"product","link":"https:\/\/khemarapepper.com\/de\/prodotto\/il-trio\/","title":{"rendered":"DAS TRIO <\/br>Kampot Pfeffer g.g.A. Khemara"},"content":{"rendered":"","protected":false},"excerpt":{"rendered":"<p>Der Rote, der Weisse und der Schwarze: Drei distinguierte und facettenreiche Aromen wie Sie sie noch nie zuvor erfahren haben. Entdecken Sie Kampot Pfeffer g.g.A., lassen Sie sich von seiner vielschichtigen Pers\u00f6nlichkeit verzaubern und Ihr Denken \u00fcber Pfeffer und dessen Nutzung wird sich f\u00fcr immer ver\u00e4ndern.<\/p>\n","protected":false},"featured_media":29292,"template":"","meta":{"_acf_changed":false,"inline_featured_image":false},"product_brand":[],"product_cat":[88],"product_tag":[],"class_list":{"0":"post-29385","1":"product","2":"type-product","3":"status-publish","4":"has-post-thumbnail","6":"product_cat-pfeffer","8":"first","9":"instock","10":"shipping-taxable","11":"purchasable","12":"product-type-variable"},"acf":[],"yoast_head":"<!-- This site is optimized with the Yoast SEO plugin v26.7 - https:\/\/yoast.com\/wordpress\/plugins\/seo\/ -->\n<title>DAS TRIO \u2013 Khemara \u2013 Kampot Pfeffer. Drei Aromen<\/title>\n<meta name=\"description\" content=\"Khemara \u2013 Der Rote, der Weisse und der Schwarze: Drei distinguierte und facettenreiche Aromen wie Sie sie noch nie zuvor erfahren haben...\" \/>\n<meta name=\"robots\" content=\"index, follow, max-snippet:-1, max-image-preview:large, max-video-preview:-1\" \/>\n<link rel=\"canonical\" href=\"https:\/\/khemarapepper.com\/de\/prodotto\/il-trio\/\" \/>\n<meta property=\"og:locale\" content=\"de_DE\" \/>\n<meta property=\"og:type\" content=\"article\" \/>\n<meta property=\"og:title\" content=\"DAS TRIO \u2013 Khemara \u2013 Kampot Pfeffer. Drei Aromen\" \/>\n<meta property=\"og:description\" content=\"Khemara \u2013 Der Rote, der Weisse und der Schwarze: Drei distinguierte und facettenreiche Aromen wie Sie sie noch nie zuvor erfahren haben...\" \/>\n<meta property=\"og:url\" content=\"https:\/\/khemarapepper.com\/de\/prodotto\/il-trio\/\" \/>\n<meta property=\"og:site_name\" content=\"khemara Pepper\" \/>\n<meta property=\"article:publisher\" content=\"https:\/\/www.facebook.com\/KhemaraKampotPepper\/\" \/>\n<meta property=\"article:modified_time\" content=\"2026-03-24T07:35:12+00:00\" \/>\n<meta property=\"og:image\" content=\"https:\/\/khemarapepper.com\/wp-content\/uploads\/2019\/12\/khemara_shop_trio.jpg\" \/>\n\t<meta property=\"og:image:width\" content=\"700\" \/>\n\t<meta property=\"og:image:height\" content=\"840\" \/>\n\t<meta property=\"og:image:type\" content=\"image\/jpeg\" \/>\n<meta name=\"twitter:card\" content=\"summary_large_image\" \/>\n<meta name=\"twitter:site\" content=\"@KhemaraPepperCH\" \/>\n<script type=\"application\/ld+json\" class=\"yoast-schema-graph\">{\"@context\":\"https:\/\/schema.org\",\"@graph\":[{\"@type\":\"WebPage\",\"@id\":\"https:\/\/khemarapepper.com\/de\/prodotto\/il-trio\/\",\"url\":\"https:\/\/khemarapepper.com\/de\/prodotto\/il-trio\/\",\"name\":\"DAS TRIO \u2013 Khemara \u2013 Kampot Pfeffer. Drei Aromen\",\"isPartOf\":{\"@id\":\"https:\/\/khemarapepper.com\/de\/#website\"},\"primaryImageOfPage\":{\"@id\":\"https:\/\/khemarapepper.com\/de\/prodotto\/il-trio\/#primaryimage\"},\"image\":{\"@id\":\"https:\/\/khemarapepper.com\/de\/prodotto\/il-trio\/#primaryimage\"},\"thumbnailUrl\":\"https:\/\/khemarapepper.com\/wp-content\/uploads\/2019\/12\/khemara_shop_trio.jpg\",\"datePublished\":\"2019-12-05T12:19:08+00:00\",\"dateModified\":\"2026-03-24T07:35:12+00:00\",\"description\":\"Khemara \u2013 Der Rote, der Weisse und der Schwarze: Drei distinguierte und facettenreiche Aromen wie Sie sie noch nie zuvor erfahren haben...\",\"breadcrumb\":{\"@id\":\"https:\/\/khemarapepper.com\/de\/prodotto\/il-trio\/#breadcrumb\"},\"inLanguage\":\"de\",\"potentialAction\":[{\"@type\":\"ReadAction\",\"target\":[\"https:\/\/khemarapepper.com\/de\/prodotto\/il-trio\/\"]}]},{\"@type\":\"ImageObject\",\"inLanguage\":\"de\",\"@id\":\"https:\/\/khemarapepper.com\/de\/prodotto\/il-trio\/#primaryimage\",\"url\":\"https:\/\/khemarapepper.com\/wp-content\/uploads\/2019\/12\/khemara_shop_trio.jpg\",\"contentUrl\":\"https:\/\/khemarapepper.com\/wp-content\/uploads\/2019\/12\/khemara_shop_trio.jpg\",\"width\":700,\"height\":840},{\"@type\":\"BreadcrumbList\",\"@id\":\"https:\/\/khemarapepper.com\/de\/prodotto\/il-trio\/#breadcrumb\",\"itemListElement\":[{\"@type\":\"ListItem\",\"position\":1,\"name\":\"Home\",\"item\":\"https:\/\/khemarapepper.com\/de\/\"},{\"@type\":\"ListItem\",\"position\":2,\"name\":\"khemara shop\",\"item\":\"https:\/\/khemarapepper.com\/de\/khemara-shop\/\"},{\"@type\":\"ListItem\",\"position\":3,\"name\":\"DAS TRIO Kampot Pfeffer g.g.A. Khemara\"}]},{\"@type\":\"WebSite\",\"@id\":\"https:\/\/khemarapepper.com\/de\/#website\",\"url\":\"https:\/\/khemarapepper.com\/de\/\",\"name\":\"Khemara Pepper\",\"description\":\"Kampot Pepper PGI\",\"publisher\":{\"@id\":\"https:\/\/khemarapepper.com\/de\/#organization\"},\"potentialAction\":[{\"@type\":\"SearchAction\",\"target\":{\"@type\":\"EntryPoint\",\"urlTemplate\":\"https:\/\/khemarapepper.com\/de\/?s={search_term_string}\"},\"query-input\":{\"@type\":\"PropertyValueSpecification\",\"valueRequired\":true,\"valueName\":\"search_term_string\"}}],\"inLanguage\":\"de\"},{\"@type\":\"Organization\",\"@id\":\"https:\/\/khemarapepper.com\/de\/#organization\",\"name\":\"khemarapepper\",\"url\":\"https:\/\/khemarapepper.com\/de\/\",\"logo\":{\"@type\":\"ImageObject\",\"inLanguage\":\"de\",\"@id\":\"https:\/\/khemarapepper.com\/de\/#\/schema\/logo\/image\/\",\"url\":\"https:\/\/khemarapepper.com\/wp-content\/uploads\/2019\/01\/khemara_motto_512x512.png\",\"contentUrl\":\"https:\/\/khemarapepper.com\/wp-content\/uploads\/2019\/01\/khemara_motto_512x512.png\",\"width\":512,\"height\":512,\"caption\":\"khemarapepper\"},\"image\":{\"@id\":\"https:\/\/khemarapepper.com\/de\/#\/schema\/logo\/image\/\"},\"sameAs\":[\"https:\/\/www.facebook.com\/KhemaraKampotPepper\/\",\"https:\/\/x.com\/KhemaraPepperCH\",\"https:\/\/www.instagram.com\/kampotpepper_khemara\/?hl=en\"]}]}<\/script>\n<!-- \/ Yoast SEO plugin. -->","yoast_head_json":{"title":"DAS TRIO \u2013 Khemara \u2013 Kampot Pfeffer. Drei Aromen","description":"Khemara \u2013 Der Rote, der Weisse und der Schwarze: Drei distinguierte und facettenreiche Aromen wie Sie sie noch nie zuvor erfahren haben...","robots":{"index":"index","follow":"follow","max-snippet":"max-snippet:-1","max-image-preview":"max-image-preview:large","max-video-preview":"max-video-preview:-1"},"canonical":"https:\/\/khemarapepper.com\/de\/prodotto\/il-trio\/","og_locale":"de_DE","og_type":"article","og_title":"DAS TRIO \u2013 Khemara \u2013 Kampot Pfeffer. Drei Aromen","og_description":"Khemara \u2013 Der Rote, der Weisse und der Schwarze: Drei distinguierte und facettenreiche Aromen wie Sie sie noch nie zuvor erfahren haben...","og_url":"https:\/\/khemarapepper.com\/de\/prodotto\/il-trio\/","og_site_name":"khemara Pepper","article_publisher":"https:\/\/www.facebook.com\/KhemaraKampotPepper\/","article_modified_time":"2026-03-24T07:35:12+00:00","og_image":[{"width":700,"height":840,"url":"https:\/\/khemarapepper.com\/wp-content\/uploads\/2019\/12\/khemara_shop_trio.jpg","type":"image\/jpeg"}],"twitter_card":"summary_large_image","twitter_site":"@KhemaraPepperCH","schema":{"@context":"https:\/\/schema.org","@graph":[{"@type":"WebPage","@id":"https:\/\/khemarapepper.com\/de\/prodotto\/il-trio\/","url":"https:\/\/khemarapepper.com\/de\/prodotto\/il-trio\/","name":"DAS TRIO \u2013 Khemara \u2013 Kampot Pfeffer. Drei Aromen","isPartOf":{"@id":"https:\/\/khemarapepper.com\/de\/#website"},"primaryImageOfPage":{"@id":"https:\/\/khemarapepper.com\/de\/prodotto\/il-trio\/#primaryimage"},"image":{"@id":"https:\/\/khemarapepper.com\/de\/prodotto\/il-trio\/#primaryimage"},"thumbnailUrl":"https:\/\/khemarapepper.com\/wp-content\/uploads\/2019\/12\/khemara_shop_trio.jpg","datePublished":"2019-12-05T12:19:08+00:00","dateModified":"2026-03-24T07:35:12+00:00","description":"Khemara \u2013 Der Rote, der Weisse und der Schwarze: Drei distinguierte und facettenreiche Aromen wie Sie sie noch nie zuvor erfahren haben...","breadcrumb":{"@id":"https:\/\/khemarapepper.com\/de\/prodotto\/il-trio\/#breadcrumb"},"inLanguage":"de","potentialAction":[{"@type":"ReadAction","target":["https:\/\/khemarapepper.com\/de\/prodotto\/il-trio\/"]}]},{"@type":"ImageObject","inLanguage":"de","@id":"https:\/\/khemarapepper.com\/de\/prodotto\/il-trio\/#primaryimage","url":"https:\/\/khemarapepper.com\/wp-content\/uploads\/2019\/12\/khemara_shop_trio.jpg","contentUrl":"https:\/\/khemarapepper.com\/wp-content\/uploads\/2019\/12\/khemara_shop_trio.jpg","width":700,"height":840},{"@type":"BreadcrumbList","@id":"https:\/\/khemarapepper.com\/de\/prodotto\/il-trio\/#breadcrumb","itemListElement":[{"@type":"ListItem","position":1,"name":"Home","item":"https:\/\/khemarapepper.com\/de\/"},{"@type":"ListItem","position":2,"name":"khemara shop","item":"https:\/\/khemarapepper.com\/de\/khemara-shop\/"},{"@type":"ListItem","position":3,"name":"DAS TRIO Kampot Pfeffer g.g.A. Khemara"}]},{"@type":"WebSite","@id":"https:\/\/khemarapepper.com\/de\/#website","url":"https:\/\/khemarapepper.com\/de\/","name":"Khemara Pepper","description":"Kampot Pepper PGI","publisher":{"@id":"https:\/\/khemarapepper.com\/de\/#organization"},"potentialAction":[{"@type":"SearchAction","target":{"@type":"EntryPoint","urlTemplate":"https:\/\/khemarapepper.com\/de\/?s={search_term_string}"},"query-input":{"@type":"PropertyValueSpecification","valueRequired":true,"valueName":"search_term_string"}}],"inLanguage":"de"},{"@type":"Organization","@id":"https:\/\/khemarapepper.com\/de\/#organization","name":"khemarapepper","url":"https:\/\/khemarapepper.com\/de\/","logo":{"@type":"ImageObject","inLanguage":"de","@id":"https:\/\/khemarapepper.com\/de\/#\/schema\/logo\/image\/","url":"https:\/\/khemarapepper.com\/wp-content\/uploads\/2019\/01\/khemara_motto_512x512.png","contentUrl":"https:\/\/khemarapepper.com\/wp-content\/uploads\/2019\/01\/khemara_motto_512x512.png","width":512,"height":512,"caption":"khemarapepper"},"image":{"@id":"https:\/\/khemarapepper.com\/de\/#\/schema\/logo\/image\/"},"sameAs":["https:\/\/www.facebook.com\/KhemaraKampotPepper\/","https:\/\/x.com\/KhemaraPepperCH","https:\/\/www.instagram.com\/kampotpepper_khemara\/?hl=en"]}]}},"_links":{"self":[{"href":"https:\/\/khemarapepper.com\/de\/wp-json\/wp\/v2\/product\/29385","targetHints":{"allow":["GET"]}}],"collection":[{"href":"https:\/\/khemarapepper.com\/de\/wp-json\/wp\/v2\/product"}],"about":[{"href":"https:\/\/khemarapepper.com\/de\/wp-json\/wp\/v2\/types\/product"}],"wp:featuredmedia":[{"embeddable":true,"href":"https:\/\/khemarapepper.com\/de\/wp-json\/wp\/v2\/media\/29292"}],"wp:attachment":[{"href":"https:\/\/khemarapepper.com\/de\/wp-json\/wp\/v2\/media?parent=29385"}],"wp:term":[{"taxonomy":"product_brand","embeddable":true,"href":"https:\/\/khemarapepper.com\/de\/wp-json\/wp\/v2\/product_brand?post=29385"},{"taxonomy":"product_cat","embeddable":true,"href":"https:\/\/khemarapepper.com\/de\/wp-json\/wp\/v2\/product_cat?post=29385"},{"taxonomy":"product_tag","embeddable":true,"href":"https:\/\/khemarapepper.com\/de\/wp-json\/wp\/v2\/product_tag?post=29385"}],"curies":[{"name":"wp","href":"https:\/\/api.w.org\/{rel}","templated":true}]}}