{"id":33151,"date":"2021-12-02T17:02:31","date_gmt":"2021-12-02T16:02:31","guid":{"rendered":"https:\/\/khemarapepper.com\/?post_type=product&#038;p=33151"},"modified":"2023-07-08T13:50:28","modified_gmt":"2023-07-08T11:50:28","slug":"der-rauchige-rote-limitierte-auflage-kampot-pfeffer-g-g-a-khemara","status":"publish","type":"product","link":"https:\/\/khemarapepper.com\/de\/prodotto\/der-rauchige-rote-limitierte-auflage-kampot-pfeffer-g-g-a-khemara\/","title":{"rendered":"DER RAUCHIGE ROTE &#8211; LIMITIERTE AUFLAGE <\/br>Kampot Pfeffer g.g.A. Khemara"},"content":{"rendered":"","protected":false},"excerpt":{"rendered":"<p>F\u00fcr diese zweite limitierte Winterausgabe haben wir Buchenholz genutzt. Der sanfte Geruch dieses klassischen R\u00e4ucherholz, in der Nase gut wahrnehmbar, vermischt sich gut mit dem fruchtigen Aroma von Rotem Kampot Pfeffer und dessen Noten von roten Beeren, Honig und einer Spur Tabak.<\/p>\n<p>&nbsp;<\/p>\n<p>\u00dcberrasche deinen und den Geschmackssinn deiner Freunde und Familie mit unvergleichlichem Pfeffer. Die rauchige Note passt vorz\u00fcglich zu geschmolzenem K\u00e4se, Fleischspeisen und Wintergem\u00fcse, gekocht oder roh in einem Salat.<\/p>\n<p>&nbsp;<\/p>\n<p>\u00abDER RAUCHIGE ROTE\u00bb wird einigen deiner klassischen Gerichte eine besondere Note verleihen und deine kulinarische Kreativit\u00e4t f\u00f6rdern.<\/p>\n<p>&nbsp;<\/p>\n<p>Wahrlich ein Pfeffer von aussergew\u00f6hnlicher Qualit\u00e4t, wie du ihn noch nie zuvor erlebt hast!<\/p>\n","protected":false},"featured_media":33158,"template":"","meta":{"_acf_changed":false,"inline_featured_image":false},"product_brand":[],"product_cat":[88],"product_tag":[],"class_list":{"0":"post-33151","1":"product","2":"type-product","3":"status-publish","4":"has-post-thumbnail","6":"product_cat-pfeffer","8":"first","9":"outofstock","10":"shipping-taxable","11":"purchasable","12":"product-type-simple"},"acf":[],"yoast_head":"<!-- This site is optimized with the Yoast SEO plugin v26.7 - https:\/\/yoast.com\/wordpress\/plugins\/seo\/ -->\n<title>DER RAUCHIGE ROTE \u2013 Khemara \u2013 Kampot Pfeffer<\/title>\n<meta name=\"description\" content=\"Khemara \u2013 Die dunkelroten oder rotbraunen Pfefferk\u00f6rner entwickeln ein reichhaltiges und \u00fcberraschendes Aroma...\" \/>\n<meta name=\"robots\" content=\"index, follow, max-snippet:-1, max-image-preview:large, max-video-preview:-1\" \/>\n<link rel=\"canonical\" href=\"https:\/\/khemarapepper.com\/de\/prodotto\/der-rauchige-rote-limitierte-auflage-kampot-pfeffer-g-g-a-khemara\/\" \/>\n<meta property=\"og:locale\" content=\"de_DE\" \/>\n<meta property=\"og:type\" content=\"article\" \/>\n<meta property=\"og:title\" content=\"DER RAUCHIGE ROTE \u2013 Khemara \u2013 Kampot Pfeffer\" \/>\n<meta property=\"og:description\" content=\"Khemara \u2013 Die dunkelroten oder rotbraunen Pfefferk\u00f6rner entwickeln ein reichhaltiges und \u00fcberraschendes Aroma...\" \/>\n<meta property=\"og:url\" content=\"https:\/\/khemarapepper.com\/de\/prodotto\/der-rauchige-rote-limitierte-auflage-kampot-pfeffer-g-g-a-khemara\/\" \/>\n<meta property=\"og:site_name\" content=\"khemara Pepper\" \/>\n<meta property=\"article:publisher\" content=\"https:\/\/www.facebook.com\/KhemaraKampotPepper\/\" \/>\n<meta property=\"article:modified_time\" content=\"2023-07-08T11:50:28+00:00\" \/>\n<meta property=\"og:image\" content=\"https:\/\/khemarapepper.com\/wp-content\/uploads\/2021\/12\/khemara_shop_red_smoked_2.jpg\" \/>\n\t<meta property=\"og:image:width\" content=\"700\" \/>\n\t<meta property=\"og:image:height\" content=\"840\" \/>\n\t<meta property=\"og:image:type\" content=\"image\/jpeg\" \/>\n<meta name=\"twitter:card\" content=\"summary_large_image\" \/>\n<meta name=\"twitter:site\" content=\"@KhemaraPepperCH\" \/>\n<script type=\"application\/ld+json\" class=\"yoast-schema-graph\">{\"@context\":\"https:\/\/schema.org\",\"@graph\":[{\"@type\":\"WebPage\",\"@id\":\"https:\/\/khemarapepper.com\/de\/prodotto\/der-rauchige-rote-limitierte-auflage-kampot-pfeffer-g-g-a-khemara\/\",\"url\":\"https:\/\/khemarapepper.com\/de\/prodotto\/der-rauchige-rote-limitierte-auflage-kampot-pfeffer-g-g-a-khemara\/\",\"name\":\"DER RAUCHIGE ROTE \u2013 Khemara \u2013 Kampot Pfeffer\",\"isPartOf\":{\"@id\":\"https:\/\/khemarapepper.com\/de\/#website\"},\"primaryImageOfPage\":{\"@id\":\"https:\/\/khemarapepper.com\/de\/prodotto\/der-rauchige-rote-limitierte-auflage-kampot-pfeffer-g-g-a-khemara\/#primaryimage\"},\"image\":{\"@id\":\"https:\/\/khemarapepper.com\/de\/prodotto\/der-rauchige-rote-limitierte-auflage-kampot-pfeffer-g-g-a-khemara\/#primaryimage\"},\"thumbnailUrl\":\"https:\/\/khemarapepper.com\/wp-content\/uploads\/2021\/12\/khemara_shop_red_smoked_2.jpg\",\"datePublished\":\"2021-12-02T16:02:31+00:00\",\"dateModified\":\"2023-07-08T11:50:28+00:00\",\"description\":\"Khemara \u2013 Die dunkelroten oder rotbraunen Pfefferk\u00f6rner entwickeln ein reichhaltiges und \u00fcberraschendes Aroma...\",\"breadcrumb\":{\"@id\":\"https:\/\/khemarapepper.com\/de\/prodotto\/der-rauchige-rote-limitierte-auflage-kampot-pfeffer-g-g-a-khemara\/#breadcrumb\"},\"inLanguage\":\"de\",\"potentialAction\":[{\"@type\":\"ReadAction\",\"target\":[\"https:\/\/khemarapepper.com\/de\/prodotto\/der-rauchige-rote-limitierte-auflage-kampot-pfeffer-g-g-a-khemara\/\"]}]},{\"@type\":\"ImageObject\",\"inLanguage\":\"de\",\"@id\":\"https:\/\/khemarapepper.com\/de\/prodotto\/der-rauchige-rote-limitierte-auflage-kampot-pfeffer-g-g-a-khemara\/#primaryimage\",\"url\":\"https:\/\/khemarapepper.com\/wp-content\/uploads\/2021\/12\/khemara_shop_red_smoked_2.jpg\",\"contentUrl\":\"https:\/\/khemarapepper.com\/wp-content\/uploads\/2021\/12\/khemara_shop_red_smoked_2.jpg\",\"width\":700,\"height\":840},{\"@type\":\"BreadcrumbList\",\"@id\":\"https:\/\/khemarapepper.com\/de\/prodotto\/der-rauchige-rote-limitierte-auflage-kampot-pfeffer-g-g-a-khemara\/#breadcrumb\",\"itemListElement\":[{\"@type\":\"ListItem\",\"position\":1,\"name\":\"Home\",\"item\":\"https:\/\/khemarapepper.com\/de\/\"},{\"@type\":\"ListItem\",\"position\":2,\"name\":\"khemara shop\",\"item\":\"https:\/\/khemarapepper.com\/de\/khemara-shop\/\"},{\"@type\":\"ListItem\",\"position\":3,\"name\":\"DER RAUCHIGE ROTE &#8211; LIMITIERTE AUFLAGE Kampot Pfeffer g.g.A. Khemara\"}]},{\"@type\":\"WebSite\",\"@id\":\"https:\/\/khemarapepper.com\/de\/#website\",\"url\":\"https:\/\/khemarapepper.com\/de\/\",\"name\":\"Khemara Pepper\",\"description\":\"Kampot Pepper PGI\",\"publisher\":{\"@id\":\"https:\/\/khemarapepper.com\/de\/#organization\"},\"potentialAction\":[{\"@type\":\"SearchAction\",\"target\":{\"@type\":\"EntryPoint\",\"urlTemplate\":\"https:\/\/khemarapepper.com\/de\/?s={search_term_string}\"},\"query-input\":{\"@type\":\"PropertyValueSpecification\",\"valueRequired\":true,\"valueName\":\"search_term_string\"}}],\"inLanguage\":\"de\"},{\"@type\":\"Organization\",\"@id\":\"https:\/\/khemarapepper.com\/de\/#organization\",\"name\":\"khemarapepper\",\"url\":\"https:\/\/khemarapepper.com\/de\/\",\"logo\":{\"@type\":\"ImageObject\",\"inLanguage\":\"de\",\"@id\":\"https:\/\/khemarapepper.com\/de\/#\/schema\/logo\/image\/\",\"url\":\"https:\/\/khemarapepper.com\/wp-content\/uploads\/2019\/01\/khemara_motto_512x512.png\",\"contentUrl\":\"https:\/\/khemarapepper.com\/wp-content\/uploads\/2019\/01\/khemara_motto_512x512.png\",\"width\":512,\"height\":512,\"caption\":\"khemarapepper\"},\"image\":{\"@id\":\"https:\/\/khemarapepper.com\/de\/#\/schema\/logo\/image\/\"},\"sameAs\":[\"https:\/\/www.facebook.com\/KhemaraKampotPepper\/\",\"https:\/\/x.com\/KhemaraPepperCH\",\"https:\/\/www.instagram.com\/kampotpepper_khemara\/?hl=en\"]}]}<\/script>\n<!-- \/ Yoast SEO plugin. -->","yoast_head_json":{"title":"DER RAUCHIGE ROTE \u2013 Khemara \u2013 Kampot Pfeffer","description":"Khemara \u2013 Die dunkelroten oder rotbraunen Pfefferk\u00f6rner entwickeln ein reichhaltiges und \u00fcberraschendes Aroma...","robots":{"index":"index","follow":"follow","max-snippet":"max-snippet:-1","max-image-preview":"max-image-preview:large","max-video-preview":"max-video-preview:-1"},"canonical":"https:\/\/khemarapepper.com\/de\/prodotto\/der-rauchige-rote-limitierte-auflage-kampot-pfeffer-g-g-a-khemara\/","og_locale":"de_DE","og_type":"article","og_title":"DER RAUCHIGE ROTE \u2013 Khemara \u2013 Kampot Pfeffer","og_description":"Khemara \u2013 Die dunkelroten oder rotbraunen Pfefferk\u00f6rner entwickeln ein reichhaltiges und \u00fcberraschendes Aroma...","og_url":"https:\/\/khemarapepper.com\/de\/prodotto\/der-rauchige-rote-limitierte-auflage-kampot-pfeffer-g-g-a-khemara\/","og_site_name":"khemara Pepper","article_publisher":"https:\/\/www.facebook.com\/KhemaraKampotPepper\/","article_modified_time":"2023-07-08T11:50:28+00:00","og_image":[{"width":700,"height":840,"url":"https:\/\/khemarapepper.com\/wp-content\/uploads\/2021\/12\/khemara_shop_red_smoked_2.jpg","type":"image\/jpeg"}],"twitter_card":"summary_large_image","twitter_site":"@KhemaraPepperCH","schema":{"@context":"https:\/\/schema.org","@graph":[{"@type":"WebPage","@id":"https:\/\/khemarapepper.com\/de\/prodotto\/der-rauchige-rote-limitierte-auflage-kampot-pfeffer-g-g-a-khemara\/","url":"https:\/\/khemarapepper.com\/de\/prodotto\/der-rauchige-rote-limitierte-auflage-kampot-pfeffer-g-g-a-khemara\/","name":"DER RAUCHIGE ROTE \u2013 Khemara \u2013 Kampot Pfeffer","isPartOf":{"@id":"https:\/\/khemarapepper.com\/de\/#website"},"primaryImageOfPage":{"@id":"https:\/\/khemarapepper.com\/de\/prodotto\/der-rauchige-rote-limitierte-auflage-kampot-pfeffer-g-g-a-khemara\/#primaryimage"},"image":{"@id":"https:\/\/khemarapepper.com\/de\/prodotto\/der-rauchige-rote-limitierte-auflage-kampot-pfeffer-g-g-a-khemara\/#primaryimage"},"thumbnailUrl":"https:\/\/khemarapepper.com\/wp-content\/uploads\/2021\/12\/khemara_shop_red_smoked_2.jpg","datePublished":"2021-12-02T16:02:31+00:00","dateModified":"2023-07-08T11:50:28+00:00","description":"Khemara \u2013 Die dunkelroten oder rotbraunen Pfefferk\u00f6rner entwickeln ein reichhaltiges und \u00fcberraschendes Aroma...","breadcrumb":{"@id":"https:\/\/khemarapepper.com\/de\/prodotto\/der-rauchige-rote-limitierte-auflage-kampot-pfeffer-g-g-a-khemara\/#breadcrumb"},"inLanguage":"de","potentialAction":[{"@type":"ReadAction","target":["https:\/\/khemarapepper.com\/de\/prodotto\/der-rauchige-rote-limitierte-auflage-kampot-pfeffer-g-g-a-khemara\/"]}]},{"@type":"ImageObject","inLanguage":"de","@id":"https:\/\/khemarapepper.com\/de\/prodotto\/der-rauchige-rote-limitierte-auflage-kampot-pfeffer-g-g-a-khemara\/#primaryimage","url":"https:\/\/khemarapepper.com\/wp-content\/uploads\/2021\/12\/khemara_shop_red_smoked_2.jpg","contentUrl":"https:\/\/khemarapepper.com\/wp-content\/uploads\/2021\/12\/khemara_shop_red_smoked_2.jpg","width":700,"height":840},{"@type":"BreadcrumbList","@id":"https:\/\/khemarapepper.com\/de\/prodotto\/der-rauchige-rote-limitierte-auflage-kampot-pfeffer-g-g-a-khemara\/#breadcrumb","itemListElement":[{"@type":"ListItem","position":1,"name":"Home","item":"https:\/\/khemarapepper.com\/de\/"},{"@type":"ListItem","position":2,"name":"khemara shop","item":"https:\/\/khemarapepper.com\/de\/khemara-shop\/"},{"@type":"ListItem","position":3,"name":"DER RAUCHIGE ROTE &#8211; LIMITIERTE AUFLAGE Kampot Pfeffer g.g.A. Khemara"}]},{"@type":"WebSite","@id":"https:\/\/khemarapepper.com\/de\/#website","url":"https:\/\/khemarapepper.com\/de\/","name":"Khemara Pepper","description":"Kampot Pepper PGI","publisher":{"@id":"https:\/\/khemarapepper.com\/de\/#organization"},"potentialAction":[{"@type":"SearchAction","target":{"@type":"EntryPoint","urlTemplate":"https:\/\/khemarapepper.com\/de\/?s={search_term_string}"},"query-input":{"@type":"PropertyValueSpecification","valueRequired":true,"valueName":"search_term_string"}}],"inLanguage":"de"},{"@type":"Organization","@id":"https:\/\/khemarapepper.com\/de\/#organization","name":"khemarapepper","url":"https:\/\/khemarapepper.com\/de\/","logo":{"@type":"ImageObject","inLanguage":"de","@id":"https:\/\/khemarapepper.com\/de\/#\/schema\/logo\/image\/","url":"https:\/\/khemarapepper.com\/wp-content\/uploads\/2019\/01\/khemara_motto_512x512.png","contentUrl":"https:\/\/khemarapepper.com\/wp-content\/uploads\/2019\/01\/khemara_motto_512x512.png","width":512,"height":512,"caption":"khemarapepper"},"image":{"@id":"https:\/\/khemarapepper.com\/de\/#\/schema\/logo\/image\/"},"sameAs":["https:\/\/www.facebook.com\/KhemaraKampotPepper\/","https:\/\/x.com\/KhemaraPepperCH","https:\/\/www.instagram.com\/kampotpepper_khemara\/?hl=en"]}]}},"_links":{"self":[{"href":"https:\/\/khemarapepper.com\/de\/wp-json\/wp\/v2\/product\/33151","targetHints":{"allow":["GET"]}}],"collection":[{"href":"https:\/\/khemarapepper.com\/de\/wp-json\/wp\/v2\/product"}],"about":[{"href":"https:\/\/khemarapepper.com\/de\/wp-json\/wp\/v2\/types\/product"}],"wp:featuredmedia":[{"embeddable":true,"href":"https:\/\/khemarapepper.com\/de\/wp-json\/wp\/v2\/media\/33158"}],"wp:attachment":[{"href":"https:\/\/khemarapepper.com\/de\/wp-json\/wp\/v2\/media?parent=33151"}],"wp:term":[{"taxonomy":"product_brand","embeddable":true,"href":"https:\/\/khemarapepper.com\/de\/wp-json\/wp\/v2\/product_brand?post=33151"},{"taxonomy":"product_cat","embeddable":true,"href":"https:\/\/khemarapepper.com\/de\/wp-json\/wp\/v2\/product_cat?post=33151"},{"taxonomy":"product_tag","embeddable":true,"href":"https:\/\/khemarapepper.com\/de\/wp-json\/wp\/v2\/product_tag?post=33151"}],"curies":[{"name":"wp","href":"https:\/\/api.w.org\/{rel}","templated":true}]}}