{"id":29308,"date":"2019-12-06T09:23:52","date_gmt":"2019-12-06T08:23:52","guid":{"rendered":"https:\/\/khemarapepper.com\/?page_id=29308"},"modified":"2020-04-10T09:45:45","modified_gmt":"2020-04-10T07:45:45","slug":"privacy-police","status":"publish","type":"page","link":"https:\/\/khemarapepper.com\/it\/privacy-police\/","title":{"rendered":"Privacy Police"},"content":{"rendered":"<p>In conformit\u00e0 al Regolamento UE sulla protezione dei dati 2016\/679, La informiamo che i dati personali e sensibili da Lei forniti saranno trattati da Khemara Pepper nei limiti di quanto strettamente necessario alla pi\u00f9 corretta gestione del rapporto con Lei intercorrente, mediante registrazione cartacea ed elettronica, secondo le condizioni di seguito riportate.<\/p>\n<p><strong>1) Finalit\u00e0<\/strong><br \/>\nKhemara Pepper proceder\u00e0 al trattamento dei dati personali da Lei forniti per le seguenti finalit\u00e0: a) Svolgere attivit\u00e0 informativa su eventi ed iniziative interne ed esterne promosse da Khemara Pepper; b) Ottemperare a tutti gli obblighi previsti dalla legge, dai regolamenti, dalla normativa comunitaria ed internazionale (in particolare in materia contabile, fiscale, di tutela della salute, dell\u2019ordine e della sicurezza pubblica); c) Adempiere a tutti gli obblighi contrattuali e precontrattuali intercorrenti tra le parti.<\/p>\n<p><strong>2) Modalit\u00e0<\/strong><br \/>\nI dati di cui al punto 1), raccolti in qualsiasi forma, presso l\u2019interessato e non, saranno trattati, anche con strumenti elettronici, unicamente secondo logiche e mediante forme di organizzazione strettamente correlate agli obblighi e alle finalit\u00e0 di cui al punto precedente. In ogni caso, i dati stessi saranno conservati con il presidio delle misure tecniche ed organizzative necessarie ed idonee a garantire la sicurezza e la riservatezza dei dati, riducendo al minimo i rischi di distruzione o di perdita dei dati, di accesso non autorizzato o di trattamento non consentito.<\/p>\n<p><strong>4) Comunicazione dei dati a soggetti terzi<\/strong><br \/>\nI dati da Lei forniti potranno essere comunicati a: Societ\u00e0 controllate, collegate o partecipate da Khemara Pepper; Dipendenti e\/o collaboratori di Khemara Pepper in ragione delle rispettive mansioni e competenze.<\/p>\n<p><strong>5) Trasferimento dei dati all\u2019estero<\/strong><br \/>\nI dati da Lei forniti, nei limiti degli obblighi e delle finalit\u00e0 di cui al punto 1), non saranno trasferiti al di fuori del territorio dello Stato.<\/p>\n<p><strong>6) Titolare<\/strong><br \/>\nIl titolare del presente trattamento \u00e8: Khemara Kampot Pepper PGI di Roberto E. Forte, Benno Schildknecht e Dieter Ullman in Via Feldstrasse 17, 8704 Herrliberg, Svizzera<\/p>\n<p><strong>7) Natura del conferimento dei dati e conseguenze dell\u2019eventuale rifiuto<\/strong><br \/>\nIl conferimento dei dati personali da parte dell\u2019interessato \u00e8 obbligatorio per conseguire le finalit\u00e0 previste al punto 1. L\u2019eventuale rifiuto al trattamento dei dati non consente l\u2019avvio dell\u2019iter procedurale e la gestione degli ordini.<\/p>\n<p><strong>8) Revoca del consenso<\/strong><br \/>\nIn qualsiasi momento, Lei potr\u00e0 revocare il consenso eventualmente prestato (ai sensi dell\u2019art. 6 del GDPR 679\/16). La revoca del consenso non modificher\u00e0 i termini di conservazione dei dati in precedenza acquisiti e trattati dal Titolare.<\/p>\n<p><strong>9) Diritti dell\u2019interessato<\/strong><br \/>\nAd ogni interessato sono garantiti i diritti specificamente indicati negli artt. 15-22 del Regolamento (UE) 2016\/679, in particolare:<br \/>\nDiritto di accesso (art. 15);<br \/>\nDiritto di rettifica (art. 16);<br \/>\nDiritto di cancellazione (art. 17);<br \/>\nDiritto di limitazione (art. 18);<br \/>\nDiritto alla portabilit\u00e0 dei dati (art. 20);<br \/>\nDiritto di opposizione (art. 21);<br \/>\nDiritto di non essere soggetto ad un processo decisionale automatizzato (art. 22);<br \/>\nDiritto di proporre reclamo all\u2019autorit\u00e0 di controllo (Garante).<br \/>\nPer esercitare i propri diritti, l\u2019interessato potr\u00e0 inviare la Sua richiesta al seguente indirizzo e-mail: info@khemarapepper.com<\/p>\n","protected":false},"excerpt":{"rendered":"<p>In conformit\u00e0 al Regolamento UE sulla protezione dei dati 2016\/679, La informiamo che i dati personali e sensibili da Lei forniti saranno trattati da Khemara Pepper nei limiti di quanto<\/p>\n","protected":false},"author":1,"featured_media":0,"parent":0,"menu_order":0,"comment_status":"closed","ping_status":"closed","template":"","meta":{"_acf_changed":false,"inline_featured_image":false,"footnotes":""},"class_list":["post-29308","page","type-page","status-publish","hentry"],"acf":[],"yoast_head":"<!-- This site is optimized with the Yoast SEO plugin v26.7 - https:\/\/yoast.com\/wordpress\/plugins\/seo\/ -->\n<title>Privacy Police - khemara Pepper<\/title>\n<meta name=\"robots\" content=\"noindex, follow\" \/>\n<meta property=\"og:locale\" content=\"it_IT\" \/>\n<meta property=\"og:type\" content=\"article\" \/>\n<meta property=\"og:title\" content=\"Privacy Police - khemara Pepper\" \/>\n<meta property=\"og:description\" content=\"In conformit\u00e0 al Regolamento UE sulla protezione dei dati 2016\/679, La informiamo che i dati personali e sensibili da Lei forniti saranno trattati da Khemara Pepper nei limiti di quanto\" \/>\n<meta property=\"og:url\" content=\"https:\/\/khemarapepper.com\/it\/privacy-police\/\" \/>\n<meta property=\"og:site_name\" content=\"khemara Pepper\" \/>\n<meta property=\"article:publisher\" content=\"https:\/\/www.facebook.com\/KhemaraKampotPepper\/\" \/>\n<meta property=\"article:modified_time\" content=\"2020-04-10T07:45:45+00:00\" \/>\n<meta name=\"twitter:card\" content=\"summary_large_image\" \/>\n<meta name=\"twitter:site\" content=\"@KhemaraPepperCH\" \/>\n<meta name=\"twitter:label1\" content=\"Tempo di lettura stimato\" \/>\n\t<meta name=\"twitter:data1\" content=\"2 minuti\" \/>\n<script type=\"application\/ld+json\" class=\"yoast-schema-graph\">{\"@context\":\"https:\/\/schema.org\",\"@graph\":[{\"@type\":\"WebPage\",\"@id\":\"https:\/\/khemarapepper.com\/it\/privacy-police\/\",\"url\":\"https:\/\/khemarapepper.com\/it\/privacy-police\/\",\"name\":\"Privacy Police - khemara Pepper\",\"isPartOf\":{\"@id\":\"https:\/\/khemarapepper.com\/it\/#website\"},\"datePublished\":\"2019-12-06T08:23:52+00:00\",\"dateModified\":\"2020-04-10T07:45:45+00:00\",\"breadcrumb\":{\"@id\":\"https:\/\/khemarapepper.com\/it\/privacy-police\/#breadcrumb\"},\"inLanguage\":\"it-IT\",\"potentialAction\":[{\"@type\":\"ReadAction\",\"target\":[\"https:\/\/khemarapepper.com\/it\/privacy-police\/\"]}]},{\"@type\":\"BreadcrumbList\",\"@id\":\"https:\/\/khemarapepper.com\/it\/privacy-police\/#breadcrumb\",\"itemListElement\":[{\"@type\":\"ListItem\",\"position\":1,\"name\":\"Home\",\"item\":\"https:\/\/khemarapepper.com\/it\/\"},{\"@type\":\"ListItem\",\"position\":2,\"name\":\"Privacy Police\"}]},{\"@type\":\"WebSite\",\"@id\":\"https:\/\/khemarapepper.com\/it\/#website\",\"url\":\"https:\/\/khemarapepper.com\/it\/\",\"name\":\"Khemara Pepper\",\"description\":\"Kampot Pepper PGI\",\"publisher\":{\"@id\":\"https:\/\/khemarapepper.com\/it\/#organization\"},\"potentialAction\":[{\"@type\":\"SearchAction\",\"target\":{\"@type\":\"EntryPoint\",\"urlTemplate\":\"https:\/\/khemarapepper.com\/it\/?s={search_term_string}\"},\"query-input\":{\"@type\":\"PropertyValueSpecification\",\"valueRequired\":true,\"valueName\":\"search_term_string\"}}],\"inLanguage\":\"it-IT\"},{\"@type\":\"Organization\",\"@id\":\"https:\/\/khemarapepper.com\/it\/#organization\",\"name\":\"khemarapepper\",\"url\":\"https:\/\/khemarapepper.com\/it\/\",\"logo\":{\"@type\":\"ImageObject\",\"inLanguage\":\"it-IT\",\"@id\":\"https:\/\/khemarapepper.com\/it\/#\/schema\/logo\/image\/\",\"url\":\"https:\/\/khemarapepper.com\/wp-content\/uploads\/2019\/01\/khemara_motto_512x512.png\",\"contentUrl\":\"https:\/\/khemarapepper.com\/wp-content\/uploads\/2019\/01\/khemara_motto_512x512.png\",\"width\":512,\"height\":512,\"caption\":\"khemarapepper\"},\"image\":{\"@id\":\"https:\/\/khemarapepper.com\/it\/#\/schema\/logo\/image\/\"},\"sameAs\":[\"https:\/\/www.facebook.com\/KhemaraKampotPepper\/\",\"https:\/\/x.com\/KhemaraPepperCH\",\"https:\/\/www.instagram.com\/kampotpepper_khemara\/?hl=en\"]}]}<\/script>\n<!-- \/ Yoast SEO plugin. -->","yoast_head_json":{"title":"Privacy Police - khemara Pepper","robots":{"index":"noindex","follow":"follow"},"og_locale":"it_IT","og_type":"article","og_title":"Privacy Police - khemara Pepper","og_description":"In conformit\u00e0 al Regolamento UE sulla protezione dei dati 2016\/679, La informiamo che i dati personali e sensibili da Lei forniti saranno trattati da Khemara Pepper nei limiti di quanto","og_url":"https:\/\/khemarapepper.com\/it\/privacy-police\/","og_site_name":"khemara Pepper","article_publisher":"https:\/\/www.facebook.com\/KhemaraKampotPepper\/","article_modified_time":"2020-04-10T07:45:45+00:00","twitter_card":"summary_large_image","twitter_site":"@KhemaraPepperCH","twitter_misc":{"Tempo di lettura stimato":"2 minuti"},"schema":{"@context":"https:\/\/schema.org","@graph":[{"@type":"WebPage","@id":"https:\/\/khemarapepper.com\/it\/privacy-police\/","url":"https:\/\/khemarapepper.com\/it\/privacy-police\/","name":"Privacy Police - khemara Pepper","isPartOf":{"@id":"https:\/\/khemarapepper.com\/it\/#website"},"datePublished":"2019-12-06T08:23:52+00:00","dateModified":"2020-04-10T07:45:45+00:00","breadcrumb":{"@id":"https:\/\/khemarapepper.com\/it\/privacy-police\/#breadcrumb"},"inLanguage":"it-IT","potentialAction":[{"@type":"ReadAction","target":["https:\/\/khemarapepper.com\/it\/privacy-police\/"]}]},{"@type":"BreadcrumbList","@id":"https:\/\/khemarapepper.com\/it\/privacy-police\/#breadcrumb","itemListElement":[{"@type":"ListItem","position":1,"name":"Home","item":"https:\/\/khemarapepper.com\/it\/"},{"@type":"ListItem","position":2,"name":"Privacy Police"}]},{"@type":"WebSite","@id":"https:\/\/khemarapepper.com\/it\/#website","url":"https:\/\/khemarapepper.com\/it\/","name":"Khemara Pepper","description":"Kampot Pepper PGI","publisher":{"@id":"https:\/\/khemarapepper.com\/it\/#organization"},"potentialAction":[{"@type":"SearchAction","target":{"@type":"EntryPoint","urlTemplate":"https:\/\/khemarapepper.com\/it\/?s={search_term_string}"},"query-input":{"@type":"PropertyValueSpecification","valueRequired":true,"valueName":"search_term_string"}}],"inLanguage":"it-IT"},{"@type":"Organization","@id":"https:\/\/khemarapepper.com\/it\/#organization","name":"khemarapepper","url":"https:\/\/khemarapepper.com\/it\/","logo":{"@type":"ImageObject","inLanguage":"it-IT","@id":"https:\/\/khemarapepper.com\/it\/#\/schema\/logo\/image\/","url":"https:\/\/khemarapepper.com\/wp-content\/uploads\/2019\/01\/khemara_motto_512x512.png","contentUrl":"https:\/\/khemarapepper.com\/wp-content\/uploads\/2019\/01\/khemara_motto_512x512.png","width":512,"height":512,"caption":"khemarapepper"},"image":{"@id":"https:\/\/khemarapepper.com\/it\/#\/schema\/logo\/image\/"},"sameAs":["https:\/\/www.facebook.com\/KhemaraKampotPepper\/","https:\/\/x.com\/KhemaraPepperCH","https:\/\/www.instagram.com\/kampotpepper_khemara\/?hl=en"]}]}},"_links":{"self":[{"href":"https:\/\/khemarapepper.com\/it\/wp-json\/wp\/v2\/pages\/29308","targetHints":{"allow":["GET"]}}],"collection":[{"href":"https:\/\/khemarapepper.com\/it\/wp-json\/wp\/v2\/pages"}],"about":[{"href":"https:\/\/khemarapepper.com\/it\/wp-json\/wp\/v2\/types\/page"}],"author":[{"embeddable":true,"href":"https:\/\/khemarapepper.com\/it\/wp-json\/wp\/v2\/users\/1"}],"replies":[{"embeddable":true,"href":"https:\/\/khemarapepper.com\/it\/wp-json\/wp\/v2\/comments?post=29308"}],"version-history":[{"count":3,"href":"https:\/\/khemarapepper.com\/it\/wp-json\/wp\/v2\/pages\/29308\/revisions"}],"predecessor-version":[{"id":32359,"href":"https:\/\/khemarapepper.com\/it\/wp-json\/wp\/v2\/pages\/29308\/revisions\/32359"}],"wp:attachment":[{"href":"https:\/\/khemarapepper.com\/it\/wp-json\/wp\/v2\/media?parent=29308"}],"curies":[{"name":"wp","href":"https:\/\/api.w.org\/{rel}","templated":true}]}}