{"id":29289,"date":"2019-12-05T13:19:08","date_gmt":"2019-12-05T12:19:08","guid":{"rendered":"https:\/\/khemarapepper.com\/?post_type=product&#038;p=29289"},"modified":"2025-11-19T01:27:27","modified_gmt":"2025-11-19T00:27:27","slug":"il-trio","status":"publish","type":"product","link":"https:\/\/khemarapepper.com\/it\/prodotto\/il-trio\/","title":{"rendered":"IL TRIO <\/br>Kampot Pepper IGP Khemara"},"content":{"rendered":"","protected":false},"excerpt":{"rendered":"<p>Il Rosso, il Bianco e il Nero, tre aromaticit\u00e0 diverse e ricche di sfaccettature che non trovano eguali nel pepe prodotto in altre regioni. Un invito a scoprire, sperimentare e regalare il Pepe di Kampot IGP, una spezia sorprendente, di grande personalit\u00e0 e dalle possibilit\u00e0 di impiego variegate che cambier\u00e0 il modo in cui pensate ed usate il pepe in cucina e a tavola.<\/p>\n","protected":false},"featured_media":29290,"template":"","meta":{"_acf_changed":false,"inline_featured_image":false},"product_brand":[],"product_cat":[86],"product_tag":[],"class_list":{"0":"post-29289","1":"product","2":"type-product","3":"status-publish","4":"has-post-thumbnail","6":"product_cat-pepe","8":"first","9":"instock","10":"shipping-taxable","11":"purchasable","12":"product-type-variable"},"acf":[],"yoast_head":"<!-- This site is optimized with the Yoast SEO plugin v27.5 - https:\/\/yoast.com\/product\/yoast-seo-wordpress\/ -->\n<title>IL TRIO \u2013 Khemara \u2013 Pepe di Kampot. Le tre aromaticit\u00e0<\/title>\n<meta name=\"description\" content=\"Khemara \u2013 Il Rosso, il Bianco e il Nero, tre aromaticit\u00e0 diverse e ricche di sfaccettature che non trovano eguali nel pepe prodotto in altre regioni...\" \/>\n<meta name=\"robots\" content=\"index, follow, max-snippet:-1, max-image-preview:large, max-video-preview:-1\" \/>\n<link rel=\"canonical\" href=\"https:\/\/khemarapepper.com\/it\/prodotto\/il-trio\/\" \/>\n<meta property=\"og:locale\" content=\"it_IT\" \/>\n<meta property=\"og:type\" content=\"article\" \/>\n<meta property=\"og:title\" content=\"IL TRIO \u2013 Khemara \u2013 Pepe di Kampot. Le tre aromaticit\u00e0\" \/>\n<meta property=\"og:description\" content=\"Khemara \u2013 Il Rosso, il Bianco e il Nero, tre aromaticit\u00e0 diverse e ricche di sfaccettature che non trovano eguali nel pepe prodotto in altre regioni...\" \/>\n<meta property=\"og:url\" content=\"https:\/\/khemarapepper.com\/it\/prodotto\/il-trio\/\" \/>\n<meta property=\"og:site_name\" content=\"khemara Pepper\" \/>\n<meta property=\"article:publisher\" content=\"https:\/\/www.facebook.com\/KhemaraKampotPepper\/\" \/>\n<meta property=\"article:modified_time\" content=\"2025-11-19T00:27:27+00:00\" \/>\n<meta property=\"og:image\" content=\"https:\/\/khemarapepper.com\/wp-content\/uploads\/2019\/12\/khemara_shop_trio.jpg\" \/>\n\t<meta property=\"og:image:width\" content=\"700\" \/>\n\t<meta property=\"og:image:height\" content=\"840\" \/>\n\t<meta property=\"og:image:type\" content=\"image\/jpeg\" \/>\n<meta name=\"twitter:card\" content=\"summary_large_image\" \/>\n<meta name=\"twitter:site\" content=\"@KhemaraPepperCH\" \/>\n<meta name=\"twitter:label1\" content=\"Tempo di lettura stimato\" \/>\n\t<meta name=\"twitter:data1\" content=\"1 minuto\" \/>\n<script type=\"application\/ld+json\" class=\"yoast-schema-graph\">{\"@context\":\"https:\\\/\\\/schema.org\",\"@graph\":[{\"@type\":\"WebPage\",\"@id\":\"https:\\\/\\\/khemarapepper.com\\\/it\\\/prodotto\\\/il-trio\\\/\",\"url\":\"https:\\\/\\\/khemarapepper.com\\\/it\\\/prodotto\\\/il-trio\\\/\",\"name\":\"IL TRIO \u2013 Khemara \u2013 Pepe di Kampot. Le tre aromaticit\u00e0\",\"isPartOf\":{\"@id\":\"https:\\\/\\\/khemarapepper.com\\\/it\\\/#website\"},\"primaryImageOfPage\":{\"@id\":\"https:\\\/\\\/khemarapepper.com\\\/it\\\/prodotto\\\/il-trio\\\/#primaryimage\"},\"image\":{\"@id\":\"https:\\\/\\\/khemarapepper.com\\\/it\\\/prodotto\\\/il-trio\\\/#primaryimage\"},\"thumbnailUrl\":\"https:\\\/\\\/khemarapepper.com\\\/wp-content\\\/uploads\\\/2019\\\/12\\\/khemara_shop_trio.jpg\",\"datePublished\":\"2019-12-05T12:19:08+00:00\",\"dateModified\":\"2025-11-19T00:27:27+00:00\",\"description\":\"Khemara \u2013 Il Rosso, il Bianco e il Nero, tre aromaticit\u00e0 diverse e ricche di sfaccettature che non trovano eguali nel pepe prodotto in altre regioni...\",\"breadcrumb\":{\"@id\":\"https:\\\/\\\/khemarapepper.com\\\/it\\\/prodotto\\\/il-trio\\\/#breadcrumb\"},\"inLanguage\":\"it-IT\",\"potentialAction\":[{\"@type\":\"ReadAction\",\"target\":[\"https:\\\/\\\/khemarapepper.com\\\/it\\\/prodotto\\\/il-trio\\\/\"]}]},{\"@type\":\"ImageObject\",\"inLanguage\":\"it-IT\",\"@id\":\"https:\\\/\\\/khemarapepper.com\\\/it\\\/prodotto\\\/il-trio\\\/#primaryimage\",\"url\":\"https:\\\/\\\/khemarapepper.com\\\/wp-content\\\/uploads\\\/2019\\\/12\\\/khemara_shop_trio.jpg\",\"contentUrl\":\"https:\\\/\\\/khemarapepper.com\\\/wp-content\\\/uploads\\\/2019\\\/12\\\/khemara_shop_trio.jpg\",\"width\":700,\"height\":840},{\"@type\":\"BreadcrumbList\",\"@id\":\"https:\\\/\\\/khemarapepper.com\\\/it\\\/prodotto\\\/il-trio\\\/#breadcrumb\",\"itemListElement\":[{\"@type\":\"ListItem\",\"position\":1,\"name\":\"Home\",\"item\":\"https:\\\/\\\/khemarapepper.com\\\/it\\\/\"},{\"@type\":\"ListItem\",\"position\":2,\"name\":\"khemara shop\",\"item\":\"https:\\\/\\\/khemarapepper.com\\\/it\\\/khemara-shop\\\/\"},{\"@type\":\"ListItem\",\"position\":3,\"name\":\"IL TRIO Kampot Pepper IGP Khemara\"}]},{\"@type\":\"WebSite\",\"@id\":\"https:\\\/\\\/khemarapepper.com\\\/it\\\/#website\",\"url\":\"https:\\\/\\\/khemarapepper.com\\\/it\\\/\",\"name\":\"Khemara Pepper\",\"description\":\"Kampot Pepper PGI\",\"publisher\":{\"@id\":\"https:\\\/\\\/khemarapepper.com\\\/it\\\/#organization\"},\"potentialAction\":[{\"@type\":\"SearchAction\",\"target\":{\"@type\":\"EntryPoint\",\"urlTemplate\":\"https:\\\/\\\/khemarapepper.com\\\/it\\\/?s={search_term_string}\"},\"query-input\":{\"@type\":\"PropertyValueSpecification\",\"valueRequired\":true,\"valueName\":\"search_term_string\"}}],\"inLanguage\":\"it-IT\"},{\"@type\":\"Organization\",\"@id\":\"https:\\\/\\\/khemarapepper.com\\\/it\\\/#organization\",\"name\":\"khemarapepper\",\"url\":\"https:\\\/\\\/khemarapepper.com\\\/it\\\/\",\"logo\":{\"@type\":\"ImageObject\",\"inLanguage\":\"it-IT\",\"@id\":\"https:\\\/\\\/khemarapepper.com\\\/it\\\/#\\\/schema\\\/logo\\\/image\\\/\",\"url\":\"https:\\\/\\\/khemarapepper.com\\\/wp-content\\\/uploads\\\/2019\\\/01\\\/khemara_motto_512x512.png\",\"contentUrl\":\"https:\\\/\\\/khemarapepper.com\\\/wp-content\\\/uploads\\\/2019\\\/01\\\/khemara_motto_512x512.png\",\"width\":512,\"height\":512,\"caption\":\"khemarapepper\"},\"image\":{\"@id\":\"https:\\\/\\\/khemarapepper.com\\\/it\\\/#\\\/schema\\\/logo\\\/image\\\/\"},\"sameAs\":[\"https:\\\/\\\/www.facebook.com\\\/KhemaraKampotPepper\\\/\",\"https:\\\/\\\/x.com\\\/KhemaraPepperCH\",\"https:\\\/\\\/www.instagram.com\\\/kampotpepper_khemara\\\/?hl=en\"]}]}<\/script>\n<!-- \/ Yoast SEO plugin. -->","yoast_head_json":{"title":"IL TRIO \u2013 Khemara \u2013 Pepe di Kampot. Le tre aromaticit\u00e0","description":"Khemara \u2013 Il Rosso, il Bianco e il Nero, tre aromaticit\u00e0 diverse e ricche di sfaccettature che non trovano eguali nel pepe prodotto in altre regioni...","robots":{"index":"index","follow":"follow","max-snippet":"max-snippet:-1","max-image-preview":"max-image-preview:large","max-video-preview":"max-video-preview:-1"},"canonical":"https:\/\/khemarapepper.com\/it\/prodotto\/il-trio\/","og_locale":"it_IT","og_type":"article","og_title":"IL TRIO \u2013 Khemara \u2013 Pepe di Kampot. Le tre aromaticit\u00e0","og_description":"Khemara \u2013 Il Rosso, il Bianco e il Nero, tre aromaticit\u00e0 diverse e ricche di sfaccettature che non trovano eguali nel pepe prodotto in altre regioni...","og_url":"https:\/\/khemarapepper.com\/it\/prodotto\/il-trio\/","og_site_name":"khemara Pepper","article_publisher":"https:\/\/www.facebook.com\/KhemaraKampotPepper\/","article_modified_time":"2025-11-19T00:27:27+00:00","og_image":[{"width":700,"height":840,"url":"https:\/\/khemarapepper.com\/wp-content\/uploads\/2019\/12\/khemara_shop_trio.jpg","type":"image\/jpeg"}],"twitter_card":"summary_large_image","twitter_site":"@KhemaraPepperCH","twitter_misc":{"Tempo di lettura stimato":"1 minuto"},"schema":{"@context":"https:\/\/schema.org","@graph":[{"@type":"WebPage","@id":"https:\/\/khemarapepper.com\/it\/prodotto\/il-trio\/","url":"https:\/\/khemarapepper.com\/it\/prodotto\/il-trio\/","name":"IL TRIO \u2013 Khemara \u2013 Pepe di Kampot. Le tre aromaticit\u00e0","isPartOf":{"@id":"https:\/\/khemarapepper.com\/it\/#website"},"primaryImageOfPage":{"@id":"https:\/\/khemarapepper.com\/it\/prodotto\/il-trio\/#primaryimage"},"image":{"@id":"https:\/\/khemarapepper.com\/it\/prodotto\/il-trio\/#primaryimage"},"thumbnailUrl":"https:\/\/khemarapepper.com\/wp-content\/uploads\/2019\/12\/khemara_shop_trio.jpg","datePublished":"2019-12-05T12:19:08+00:00","dateModified":"2025-11-19T00:27:27+00:00","description":"Khemara \u2013 Il Rosso, il Bianco e il Nero, tre aromaticit\u00e0 diverse e ricche di sfaccettature che non trovano eguali nel pepe prodotto in altre regioni...","breadcrumb":{"@id":"https:\/\/khemarapepper.com\/it\/prodotto\/il-trio\/#breadcrumb"},"inLanguage":"it-IT","potentialAction":[{"@type":"ReadAction","target":["https:\/\/khemarapepper.com\/it\/prodotto\/il-trio\/"]}]},{"@type":"ImageObject","inLanguage":"it-IT","@id":"https:\/\/khemarapepper.com\/it\/prodotto\/il-trio\/#primaryimage","url":"https:\/\/khemarapepper.com\/wp-content\/uploads\/2019\/12\/khemara_shop_trio.jpg","contentUrl":"https:\/\/khemarapepper.com\/wp-content\/uploads\/2019\/12\/khemara_shop_trio.jpg","width":700,"height":840},{"@type":"BreadcrumbList","@id":"https:\/\/khemarapepper.com\/it\/prodotto\/il-trio\/#breadcrumb","itemListElement":[{"@type":"ListItem","position":1,"name":"Home","item":"https:\/\/khemarapepper.com\/it\/"},{"@type":"ListItem","position":2,"name":"khemara shop","item":"https:\/\/khemarapepper.com\/it\/khemara-shop\/"},{"@type":"ListItem","position":3,"name":"IL TRIO Kampot Pepper IGP Khemara"}]},{"@type":"WebSite","@id":"https:\/\/khemarapepper.com\/it\/#website","url":"https:\/\/khemarapepper.com\/it\/","name":"Khemara Pepper","description":"Kampot Pepper PGI","publisher":{"@id":"https:\/\/khemarapepper.com\/it\/#organization"},"potentialAction":[{"@type":"SearchAction","target":{"@type":"EntryPoint","urlTemplate":"https:\/\/khemarapepper.com\/it\/?s={search_term_string}"},"query-input":{"@type":"PropertyValueSpecification","valueRequired":true,"valueName":"search_term_string"}}],"inLanguage":"it-IT"},{"@type":"Organization","@id":"https:\/\/khemarapepper.com\/it\/#organization","name":"khemarapepper","url":"https:\/\/khemarapepper.com\/it\/","logo":{"@type":"ImageObject","inLanguage":"it-IT","@id":"https:\/\/khemarapepper.com\/it\/#\/schema\/logo\/image\/","url":"https:\/\/khemarapepper.com\/wp-content\/uploads\/2019\/01\/khemara_motto_512x512.png","contentUrl":"https:\/\/khemarapepper.com\/wp-content\/uploads\/2019\/01\/khemara_motto_512x512.png","width":512,"height":512,"caption":"khemarapepper"},"image":{"@id":"https:\/\/khemarapepper.com\/it\/#\/schema\/logo\/image\/"},"sameAs":["https:\/\/www.facebook.com\/KhemaraKampotPepper\/","https:\/\/x.com\/KhemaraPepperCH","https:\/\/www.instagram.com\/kampotpepper_khemara\/?hl=en"]}]}},"_links":{"self":[{"href":"https:\/\/khemarapepper.com\/it\/wp-json\/wp\/v2\/product\/29289","targetHints":{"allow":["GET"]}}],"collection":[{"href":"https:\/\/khemarapepper.com\/it\/wp-json\/wp\/v2\/product"}],"about":[{"href":"https:\/\/khemarapepper.com\/it\/wp-json\/wp\/v2\/types\/product"}],"wp:featuredmedia":[{"embeddable":true,"href":"https:\/\/khemarapepper.com\/it\/wp-json\/wp\/v2\/media\/29290"}],"wp:attachment":[{"href":"https:\/\/khemarapepper.com\/it\/wp-json\/wp\/v2\/media?parent=29289"}],"wp:term":[{"taxonomy":"product_brand","embeddable":true,"href":"https:\/\/khemarapepper.com\/it\/wp-json\/wp\/v2\/product_brand?post=29289"},{"taxonomy":"product_cat","embeddable":true,"href":"https:\/\/khemarapepper.com\/it\/wp-json\/wp\/v2\/product_cat?post=29289"},{"taxonomy":"product_tag","embeddable":true,"href":"https:\/\/khemarapepper.com\/it\/wp-json\/wp\/v2\/product_tag?post=29289"}],"curies":[{"name":"wp","href":"https:\/\/api.w.org\/{rel}","templated":true}]}}