{"id":32587,"date":"2020-11-19T21:26:49","date_gmt":"2020-11-19T20:26:49","guid":{"rendered":"https:\/\/khemarapepper.com\/?post_type=product&#038;p=32587"},"modified":"2025-11-19T01:23:12","modified_gmt":"2025-11-19T00:23:12","slug":"il-rosso-kampot-pepper-igp-khemara","status":"publish","type":"product","link":"https:\/\/khemarapepper.com\/it\/prodotto\/il-rosso-kampot-pepper-igp-khemara\/","title":{"rendered":"IL ROSSO <\/br>Kampot Pepper IGP Khemara"},"content":{"rendered":"","protected":false},"excerpt":{"rendered":"<p>Il pepe rosso di Kampot \u00e8 un prodotto pi\u00f9 unico che raro. \u00c8 il frutto squisito della raccolta tardiva a bassa resa delle bacche mature, un\u2019unicit\u00e0 della regione di Kampot. Le bacche sono raccolte e selezionate manualmente quando hanno raggiunto la piena maturit\u00e0 e il loro colore vira al rosso intenso. Dopo una rapida sbollentatura e una accurata essicatura i grani di colore rosso cupo o rosso brunastro regalano un aroma caldo, sorprendente, atipico. Mediamente pungente, questo pepe diffonde note di frutta rossa, pomodori secchi, miele e un lontano sentore di tabacco.<\/p>\n","protected":false},"featured_media":29543,"template":"","meta":{"_acf_changed":false,"inline_featured_image":false},"product_brand":[],"product_cat":[86],"product_tag":[],"class_list":{"0":"post-32587","1":"product","2":"type-product","3":"status-publish","4":"has-post-thumbnail","6":"product_cat-pepe","8":"first","9":"instock","10":"shipping-taxable","11":"purchasable","12":"product-type-variable"},"acf":[],"yoast_head":"<!-- This site is optimized with the Yoast SEO plugin v26.7 - https:\/\/yoast.com\/wordpress\/plugins\/seo\/ -->\n<title>IL ROSSO \u2013 Khemara \u2013 Pepe di Kampot. Fruttato, caldo, seducente<\/title>\n<meta name=\"description\" content=\"Khemara \u2013 Il pepe rosso di Kampot \u00e8 un prodotto pi\u00f9 unico che raro. \u00c8 il frutto squisito della raccolta tardiva a bassa resa delle bacche mature...\" \/>\n<meta name=\"robots\" content=\"index, follow, max-snippet:-1, max-image-preview:large, max-video-preview:-1\" \/>\n<link rel=\"canonical\" href=\"https:\/\/khemarapepper.com\/it\/prodotto\/il-rosso-kampot-pepper-igp-khemara\/\" \/>\n<meta property=\"og:locale\" content=\"it_IT\" \/>\n<meta property=\"og:type\" content=\"article\" \/>\n<meta property=\"og:title\" content=\"IL ROSSO \u2013 Khemara \u2013 Pepe di Kampot. Fruttato, caldo, seducente\" \/>\n<meta property=\"og:description\" content=\"Khemara \u2013 Il pepe rosso di Kampot \u00e8 un prodotto pi\u00f9 unico che raro. \u00c8 il frutto squisito della raccolta tardiva a bassa resa delle bacche mature...\" \/>\n<meta property=\"og:url\" content=\"https:\/\/khemarapepper.com\/it\/prodotto\/il-rosso-kampot-pepper-igp-khemara\/\" \/>\n<meta property=\"og:site_name\" content=\"khemara Pepper\" \/>\n<meta property=\"article:publisher\" content=\"https:\/\/www.facebook.com\/KhemaraKampotPepper\/\" \/>\n<meta property=\"article:modified_time\" content=\"2025-11-19T00:23:12+00:00\" \/>\n<meta property=\"og:image\" content=\"https:\/\/khemarapepper.com\/wp-content\/uploads\/2019\/12\/khemara_red_pacchetto.jpg\" \/>\n\t<meta property=\"og:image:width\" content=\"700\" \/>\n\t<meta property=\"og:image:height\" content=\"840\" \/>\n\t<meta property=\"og:image:type\" content=\"image\/jpeg\" \/>\n<meta name=\"twitter:card\" content=\"summary_large_image\" \/>\n<meta name=\"twitter:site\" content=\"@KhemaraPepperCH\" \/>\n<meta name=\"twitter:label1\" content=\"Tempo di lettura stimato\" \/>\n\t<meta name=\"twitter:data1\" content=\"1 minuto\" \/>\n<script type=\"application\/ld+json\" class=\"yoast-schema-graph\">{\"@context\":\"https:\/\/schema.org\",\"@graph\":[{\"@type\":\"WebPage\",\"@id\":\"https:\/\/khemarapepper.com\/it\/prodotto\/il-rosso-kampot-pepper-igp-khemara\/\",\"url\":\"https:\/\/khemarapepper.com\/it\/prodotto\/il-rosso-kampot-pepper-igp-khemara\/\",\"name\":\"IL ROSSO \u2013 Khemara \u2013 Pepe di Kampot. Fruttato, caldo, seducente\",\"isPartOf\":{\"@id\":\"https:\/\/khemarapepper.com\/it\/#website\"},\"primaryImageOfPage\":{\"@id\":\"https:\/\/khemarapepper.com\/it\/prodotto\/il-rosso-kampot-pepper-igp-khemara\/#primaryimage\"},\"image\":{\"@id\":\"https:\/\/khemarapepper.com\/it\/prodotto\/il-rosso-kampot-pepper-igp-khemara\/#primaryimage\"},\"thumbnailUrl\":\"https:\/\/khemarapepper.com\/wp-content\/uploads\/2019\/12\/khemara_red_pacchetto.jpg\",\"datePublished\":\"2020-11-19T20:26:49+00:00\",\"dateModified\":\"2025-11-19T00:23:12+00:00\",\"description\":\"Khemara \u2013 Il pepe rosso di Kampot \u00e8 un prodotto pi\u00f9 unico che raro. \u00c8 il frutto squisito della raccolta tardiva a bassa resa delle bacche mature...\",\"breadcrumb\":{\"@id\":\"https:\/\/khemarapepper.com\/it\/prodotto\/il-rosso-kampot-pepper-igp-khemara\/#breadcrumb\"},\"inLanguage\":\"it-IT\",\"potentialAction\":[{\"@type\":\"ReadAction\",\"target\":[\"https:\/\/khemarapepper.com\/it\/prodotto\/il-rosso-kampot-pepper-igp-khemara\/\"]}]},{\"@type\":\"ImageObject\",\"inLanguage\":\"it-IT\",\"@id\":\"https:\/\/khemarapepper.com\/it\/prodotto\/il-rosso-kampot-pepper-igp-khemara\/#primaryimage\",\"url\":\"https:\/\/khemarapepper.com\/wp-content\/uploads\/2019\/12\/khemara_red_pacchetto.jpg\",\"contentUrl\":\"https:\/\/khemarapepper.com\/wp-content\/uploads\/2019\/12\/khemara_red_pacchetto.jpg\",\"width\":700,\"height\":840},{\"@type\":\"BreadcrumbList\",\"@id\":\"https:\/\/khemarapepper.com\/it\/prodotto\/il-rosso-kampot-pepper-igp-khemara\/#breadcrumb\",\"itemListElement\":[{\"@type\":\"ListItem\",\"position\":1,\"name\":\"Home\",\"item\":\"https:\/\/khemarapepper.com\/it\/\"},{\"@type\":\"ListItem\",\"position\":2,\"name\":\"khemara shop\",\"item\":\"https:\/\/khemarapepper.com\/it\/khemara-shop\/\"},{\"@type\":\"ListItem\",\"position\":3,\"name\":\"IL ROSSO Kampot Pepper IGP Khemara\"}]},{\"@type\":\"WebSite\",\"@id\":\"https:\/\/khemarapepper.com\/it\/#website\",\"url\":\"https:\/\/khemarapepper.com\/it\/\",\"name\":\"Khemara Pepper\",\"description\":\"Kampot Pepper PGI\",\"publisher\":{\"@id\":\"https:\/\/khemarapepper.com\/it\/#organization\"},\"potentialAction\":[{\"@type\":\"SearchAction\",\"target\":{\"@type\":\"EntryPoint\",\"urlTemplate\":\"https:\/\/khemarapepper.com\/it\/?s={search_term_string}\"},\"query-input\":{\"@type\":\"PropertyValueSpecification\",\"valueRequired\":true,\"valueName\":\"search_term_string\"}}],\"inLanguage\":\"it-IT\"},{\"@type\":\"Organization\",\"@id\":\"https:\/\/khemarapepper.com\/it\/#organization\",\"name\":\"khemarapepper\",\"url\":\"https:\/\/khemarapepper.com\/it\/\",\"logo\":{\"@type\":\"ImageObject\",\"inLanguage\":\"it-IT\",\"@id\":\"https:\/\/khemarapepper.com\/it\/#\/schema\/logo\/image\/\",\"url\":\"https:\/\/khemarapepper.com\/wp-content\/uploads\/2019\/01\/khemara_motto_512x512.png\",\"contentUrl\":\"https:\/\/khemarapepper.com\/wp-content\/uploads\/2019\/01\/khemara_motto_512x512.png\",\"width\":512,\"height\":512,\"caption\":\"khemarapepper\"},\"image\":{\"@id\":\"https:\/\/khemarapepper.com\/it\/#\/schema\/logo\/image\/\"},\"sameAs\":[\"https:\/\/www.facebook.com\/KhemaraKampotPepper\/\",\"https:\/\/x.com\/KhemaraPepperCH\",\"https:\/\/www.instagram.com\/kampotpepper_khemara\/?hl=en\"]}]}<\/script>\n<!-- \/ Yoast SEO plugin. -->","yoast_head_json":{"title":"IL ROSSO \u2013 Khemara \u2013 Pepe di Kampot. Fruttato, caldo, seducente","description":"Khemara \u2013 Il pepe rosso di Kampot \u00e8 un prodotto pi\u00f9 unico che raro. \u00c8 il frutto squisito della raccolta tardiva a bassa resa delle bacche mature...","robots":{"index":"index","follow":"follow","max-snippet":"max-snippet:-1","max-image-preview":"max-image-preview:large","max-video-preview":"max-video-preview:-1"},"canonical":"https:\/\/khemarapepper.com\/it\/prodotto\/il-rosso-kampot-pepper-igp-khemara\/","og_locale":"it_IT","og_type":"article","og_title":"IL ROSSO \u2013 Khemara \u2013 Pepe di Kampot. Fruttato, caldo, seducente","og_description":"Khemara \u2013 Il pepe rosso di Kampot \u00e8 un prodotto pi\u00f9 unico che raro. \u00c8 il frutto squisito della raccolta tardiva a bassa resa delle bacche mature...","og_url":"https:\/\/khemarapepper.com\/it\/prodotto\/il-rosso-kampot-pepper-igp-khemara\/","og_site_name":"khemara Pepper","article_publisher":"https:\/\/www.facebook.com\/KhemaraKampotPepper\/","article_modified_time":"2025-11-19T00:23:12+00:00","og_image":[{"width":700,"height":840,"url":"https:\/\/khemarapepper.com\/wp-content\/uploads\/2019\/12\/khemara_red_pacchetto.jpg","type":"image\/jpeg"}],"twitter_card":"summary_large_image","twitter_site":"@KhemaraPepperCH","twitter_misc":{"Tempo di lettura stimato":"1 minuto"},"schema":{"@context":"https:\/\/schema.org","@graph":[{"@type":"WebPage","@id":"https:\/\/khemarapepper.com\/it\/prodotto\/il-rosso-kampot-pepper-igp-khemara\/","url":"https:\/\/khemarapepper.com\/it\/prodotto\/il-rosso-kampot-pepper-igp-khemara\/","name":"IL ROSSO \u2013 Khemara \u2013 Pepe di Kampot. Fruttato, caldo, seducente","isPartOf":{"@id":"https:\/\/khemarapepper.com\/it\/#website"},"primaryImageOfPage":{"@id":"https:\/\/khemarapepper.com\/it\/prodotto\/il-rosso-kampot-pepper-igp-khemara\/#primaryimage"},"image":{"@id":"https:\/\/khemarapepper.com\/it\/prodotto\/il-rosso-kampot-pepper-igp-khemara\/#primaryimage"},"thumbnailUrl":"https:\/\/khemarapepper.com\/wp-content\/uploads\/2019\/12\/khemara_red_pacchetto.jpg","datePublished":"2020-11-19T20:26:49+00:00","dateModified":"2025-11-19T00:23:12+00:00","description":"Khemara \u2013 Il pepe rosso di Kampot \u00e8 un prodotto pi\u00f9 unico che raro. \u00c8 il frutto squisito della raccolta tardiva a bassa resa delle bacche mature...","breadcrumb":{"@id":"https:\/\/khemarapepper.com\/it\/prodotto\/il-rosso-kampot-pepper-igp-khemara\/#breadcrumb"},"inLanguage":"it-IT","potentialAction":[{"@type":"ReadAction","target":["https:\/\/khemarapepper.com\/it\/prodotto\/il-rosso-kampot-pepper-igp-khemara\/"]}]},{"@type":"ImageObject","inLanguage":"it-IT","@id":"https:\/\/khemarapepper.com\/it\/prodotto\/il-rosso-kampot-pepper-igp-khemara\/#primaryimage","url":"https:\/\/khemarapepper.com\/wp-content\/uploads\/2019\/12\/khemara_red_pacchetto.jpg","contentUrl":"https:\/\/khemarapepper.com\/wp-content\/uploads\/2019\/12\/khemara_red_pacchetto.jpg","width":700,"height":840},{"@type":"BreadcrumbList","@id":"https:\/\/khemarapepper.com\/it\/prodotto\/il-rosso-kampot-pepper-igp-khemara\/#breadcrumb","itemListElement":[{"@type":"ListItem","position":1,"name":"Home","item":"https:\/\/khemarapepper.com\/it\/"},{"@type":"ListItem","position":2,"name":"khemara shop","item":"https:\/\/khemarapepper.com\/it\/khemara-shop\/"},{"@type":"ListItem","position":3,"name":"IL ROSSO Kampot Pepper IGP Khemara"}]},{"@type":"WebSite","@id":"https:\/\/khemarapepper.com\/it\/#website","url":"https:\/\/khemarapepper.com\/it\/","name":"Khemara Pepper","description":"Kampot Pepper PGI","publisher":{"@id":"https:\/\/khemarapepper.com\/it\/#organization"},"potentialAction":[{"@type":"SearchAction","target":{"@type":"EntryPoint","urlTemplate":"https:\/\/khemarapepper.com\/it\/?s={search_term_string}"},"query-input":{"@type":"PropertyValueSpecification","valueRequired":true,"valueName":"search_term_string"}}],"inLanguage":"it-IT"},{"@type":"Organization","@id":"https:\/\/khemarapepper.com\/it\/#organization","name":"khemarapepper","url":"https:\/\/khemarapepper.com\/it\/","logo":{"@type":"ImageObject","inLanguage":"it-IT","@id":"https:\/\/khemarapepper.com\/it\/#\/schema\/logo\/image\/","url":"https:\/\/khemarapepper.com\/wp-content\/uploads\/2019\/01\/khemara_motto_512x512.png","contentUrl":"https:\/\/khemarapepper.com\/wp-content\/uploads\/2019\/01\/khemara_motto_512x512.png","width":512,"height":512,"caption":"khemarapepper"},"image":{"@id":"https:\/\/khemarapepper.com\/it\/#\/schema\/logo\/image\/"},"sameAs":["https:\/\/www.facebook.com\/KhemaraKampotPepper\/","https:\/\/x.com\/KhemaraPepperCH","https:\/\/www.instagram.com\/kampotpepper_khemara\/?hl=en"]}]}},"_links":{"self":[{"href":"https:\/\/khemarapepper.com\/it\/wp-json\/wp\/v2\/product\/32587","targetHints":{"allow":["GET"]}}],"collection":[{"href":"https:\/\/khemarapepper.com\/it\/wp-json\/wp\/v2\/product"}],"about":[{"href":"https:\/\/khemarapepper.com\/it\/wp-json\/wp\/v2\/types\/product"}],"wp:featuredmedia":[{"embeddable":true,"href":"https:\/\/khemarapepper.com\/it\/wp-json\/wp\/v2\/media\/29543"}],"wp:attachment":[{"href":"https:\/\/khemarapepper.com\/it\/wp-json\/wp\/v2\/media?parent=32587"}],"wp:term":[{"taxonomy":"product_brand","embeddable":true,"href":"https:\/\/khemarapepper.com\/it\/wp-json\/wp\/v2\/product_brand?post=32587"},{"taxonomy":"product_cat","embeddable":true,"href":"https:\/\/khemarapepper.com\/it\/wp-json\/wp\/v2\/product_cat?post=32587"},{"taxonomy":"product_tag","embeddable":true,"href":"https:\/\/khemarapepper.com\/it\/wp-json\/wp\/v2\/product_tag?post=32587"}],"curies":[{"name":"wp","href":"https:\/\/api.w.org\/{rel}","templated":true}]}}