{"id":33150,"date":"2021-12-02T17:02:31","date_gmt":"2021-12-02T16:02:31","guid":{"rendered":"https:\/\/khemarapepper.com\/?post_type=product&#038;p=33150"},"modified":"2022-06-24T18:45:45","modified_gmt":"2022-06-24T16:45:45","slug":"il-rosso-affumicato-a-freddo-edizione-limitata-kampot-pepper-igp-khemara","status":"publish","type":"product","link":"https:\/\/khemarapepper.com\/it\/prodotto\/il-rosso-affumicato-a-freddo-edizione-limitata-kampot-pepper-igp-khemara\/","title":{"rendered":"IL ROSSO AFFUMICATO A FREDDO \u2013 EDIZIONE LIMITATA <\/br>Kampot Pepper IGP Khemara"},"content":{"rendered":"","protected":false},"excerpt":{"rendered":"<p>Per questa seconda \u201cedizione invernale limitata\u201d, abbiamo usato il faggio, un classico tra la legna da affumicatura. Il fumo del faggio infonde una piacevole nota di legno, ben percepibile al naso, e si sposa in modo gentile con l\u2019elegante aroma fruttato e le note di frutta rossa, pomodori secchi, miele et la lontano sentore die tabacco del Rosso di Kampot.<\/p>\n<p>&nbsp;<\/p>\n<p>Sorprendi il tuo palato e quello di amici e familiari con questo pepe differentemente squisito.<\/p>\n<p>La nota discreta del fumo di faggio si accompagna bene con diverse preparazioni di specialit\u00e0 a base di formaggio fuso, carne e verdure invernali cotte o in insalate crude.<\/p>\n<p>&nbsp;<\/p>\n<p>&#8220;IL ROSSO DI KAMPOT AFFUMICATO&#8221; ti aiuter\u00e0 a dare un tocco particolare ad alcuni dei tuoi piatti preferiti e sar\u00e0 uno strumento in pi\u00f9 con cui esprimere la tua creativit\u00e0 a tavola.<\/p>\n<p>&nbsp;<\/p>\n<p>Un pepe cos\u00ec non l\u2019hai mai provato: un vero regalo per il palato.<\/p>\n","protected":false},"featured_media":33156,"template":"","meta":{"_acf_changed":false,"inline_featured_image":false},"product_brand":[],"product_cat":[86],"product_tag":[],"class_list":{"0":"post-33150","1":"product","2":"type-product","3":"status-publish","4":"has-post-thumbnail","6":"product_cat-pepe","8":"first","9":"outofstock","10":"shipping-taxable","11":"purchasable","12":"product-type-simple"},"acf":[],"yoast_head":"<!-- This site is optimized with the Yoast SEO plugin v26.7 - https:\/\/yoast.com\/wordpress\/plugins\/seo\/ -->\n<title>IL ROSSO AFFUMICATO A FREDDO - Khemara - Pepe di Kampot<\/title>\n<meta name=\"description\" content=\"Khemara \u2013 Il pepe rosso di Kampot \u00e8 un prodotto pi\u00f9 unico che raro. \u00c8 il frutto squisito della raccolta tardiva a bassa resa delle bacche mature...\" \/>\n<meta name=\"robots\" content=\"index, follow, max-snippet:-1, max-image-preview:large, max-video-preview:-1\" \/>\n<link rel=\"canonical\" href=\"https:\/\/khemarapepper.com\/it\/prodotto\/il-rosso-affumicato-a-freddo-edizione-limitata-kampot-pepper-igp-khemara\/\" \/>\n<meta property=\"og:locale\" content=\"it_IT\" \/>\n<meta property=\"og:type\" content=\"article\" \/>\n<meta property=\"og:title\" content=\"IL ROSSO AFFUMICATO A FREDDO - Khemara - Pepe di Kampot\" \/>\n<meta property=\"og:description\" content=\"Khemara \u2013 Il pepe rosso di Kampot \u00e8 un prodotto pi\u00f9 unico che raro. \u00c8 il frutto squisito della raccolta tardiva a bassa resa delle bacche mature...\" \/>\n<meta property=\"og:url\" content=\"https:\/\/khemarapepper.com\/it\/prodotto\/il-rosso-affumicato-a-freddo-edizione-limitata-kampot-pepper-igp-khemara\/\" \/>\n<meta property=\"og:site_name\" content=\"khemara Pepper\" \/>\n<meta property=\"article:publisher\" content=\"https:\/\/www.facebook.com\/KhemaraKampotPepper\/\" \/>\n<meta property=\"article:modified_time\" content=\"2022-06-24T16:45:45+00:00\" \/>\n<meta property=\"og:image\" content=\"https:\/\/khemarapepper.com\/wp-content\/uploads\/2021\/12\/khemara_shop_red_smoked_2.jpg\" \/>\n\t<meta property=\"og:image:width\" content=\"700\" \/>\n\t<meta property=\"og:image:height\" content=\"840\" \/>\n\t<meta property=\"og:image:type\" content=\"image\/jpeg\" \/>\n<meta name=\"twitter:card\" content=\"summary_large_image\" \/>\n<meta name=\"twitter:site\" content=\"@KhemaraPepperCH\" \/>\n<script type=\"application\/ld+json\" class=\"yoast-schema-graph\">{\"@context\":\"https:\/\/schema.org\",\"@graph\":[{\"@type\":\"WebPage\",\"@id\":\"https:\/\/khemarapepper.com\/it\/prodotto\/il-rosso-affumicato-a-freddo-edizione-limitata-kampot-pepper-igp-khemara\/\",\"url\":\"https:\/\/khemarapepper.com\/it\/prodotto\/il-rosso-affumicato-a-freddo-edizione-limitata-kampot-pepper-igp-khemara\/\",\"name\":\"IL ROSSO AFFUMICATO A FREDDO - Khemara - Pepe di Kampot\",\"isPartOf\":{\"@id\":\"https:\/\/khemarapepper.com\/it\/#website\"},\"primaryImageOfPage\":{\"@id\":\"https:\/\/khemarapepper.com\/it\/prodotto\/il-rosso-affumicato-a-freddo-edizione-limitata-kampot-pepper-igp-khemara\/#primaryimage\"},\"image\":{\"@id\":\"https:\/\/khemarapepper.com\/it\/prodotto\/il-rosso-affumicato-a-freddo-edizione-limitata-kampot-pepper-igp-khemara\/#primaryimage\"},\"thumbnailUrl\":\"https:\/\/khemarapepper.com\/wp-content\/uploads\/2021\/12\/khemara_shop_red_smoked_2.jpg\",\"datePublished\":\"2021-12-02T16:02:31+00:00\",\"dateModified\":\"2022-06-24T16:45:45+00:00\",\"description\":\"Khemara \u2013 Il pepe rosso di Kampot \u00e8 un prodotto pi\u00f9 unico che raro. \u00c8 il frutto squisito della raccolta tardiva a bassa resa delle bacche mature...\",\"breadcrumb\":{\"@id\":\"https:\/\/khemarapepper.com\/it\/prodotto\/il-rosso-affumicato-a-freddo-edizione-limitata-kampot-pepper-igp-khemara\/#breadcrumb\"},\"inLanguage\":\"it-IT\",\"potentialAction\":[{\"@type\":\"ReadAction\",\"target\":[\"https:\/\/khemarapepper.com\/it\/prodotto\/il-rosso-affumicato-a-freddo-edizione-limitata-kampot-pepper-igp-khemara\/\"]}]},{\"@type\":\"ImageObject\",\"inLanguage\":\"it-IT\",\"@id\":\"https:\/\/khemarapepper.com\/it\/prodotto\/il-rosso-affumicato-a-freddo-edizione-limitata-kampot-pepper-igp-khemara\/#primaryimage\",\"url\":\"https:\/\/khemarapepper.com\/wp-content\/uploads\/2021\/12\/khemara_shop_red_smoked_2.jpg\",\"contentUrl\":\"https:\/\/khemarapepper.com\/wp-content\/uploads\/2021\/12\/khemara_shop_red_smoked_2.jpg\",\"width\":700,\"height\":840},{\"@type\":\"BreadcrumbList\",\"@id\":\"https:\/\/khemarapepper.com\/it\/prodotto\/il-rosso-affumicato-a-freddo-edizione-limitata-kampot-pepper-igp-khemara\/#breadcrumb\",\"itemListElement\":[{\"@type\":\"ListItem\",\"position\":1,\"name\":\"Home\",\"item\":\"https:\/\/khemarapepper.com\/it\/\"},{\"@type\":\"ListItem\",\"position\":2,\"name\":\"khemara shop\",\"item\":\"https:\/\/khemarapepper.com\/it\/khemara-shop\/\"},{\"@type\":\"ListItem\",\"position\":3,\"name\":\"IL ROSSO AFFUMICATO A FREDDO \u2013 EDIZIONE LIMITATA Kampot Pepper IGP Khemara\"}]},{\"@type\":\"WebSite\",\"@id\":\"https:\/\/khemarapepper.com\/it\/#website\",\"url\":\"https:\/\/khemarapepper.com\/it\/\",\"name\":\"Khemara Pepper\",\"description\":\"Kampot Pepper PGI\",\"publisher\":{\"@id\":\"https:\/\/khemarapepper.com\/it\/#organization\"},\"potentialAction\":[{\"@type\":\"SearchAction\",\"target\":{\"@type\":\"EntryPoint\",\"urlTemplate\":\"https:\/\/khemarapepper.com\/it\/?s={search_term_string}\"},\"query-input\":{\"@type\":\"PropertyValueSpecification\",\"valueRequired\":true,\"valueName\":\"search_term_string\"}}],\"inLanguage\":\"it-IT\"},{\"@type\":\"Organization\",\"@id\":\"https:\/\/khemarapepper.com\/it\/#organization\",\"name\":\"khemarapepper\",\"url\":\"https:\/\/khemarapepper.com\/it\/\",\"logo\":{\"@type\":\"ImageObject\",\"inLanguage\":\"it-IT\",\"@id\":\"https:\/\/khemarapepper.com\/it\/#\/schema\/logo\/image\/\",\"url\":\"https:\/\/khemarapepper.com\/wp-content\/uploads\/2019\/01\/khemara_motto_512x512.png\",\"contentUrl\":\"https:\/\/khemarapepper.com\/wp-content\/uploads\/2019\/01\/khemara_motto_512x512.png\",\"width\":512,\"height\":512,\"caption\":\"khemarapepper\"},\"image\":{\"@id\":\"https:\/\/khemarapepper.com\/it\/#\/schema\/logo\/image\/\"},\"sameAs\":[\"https:\/\/www.facebook.com\/KhemaraKampotPepper\/\",\"https:\/\/x.com\/KhemaraPepperCH\",\"https:\/\/www.instagram.com\/kampotpepper_khemara\/?hl=en\"]}]}<\/script>\n<!-- \/ Yoast SEO plugin. -->","yoast_head_json":{"title":"IL ROSSO AFFUMICATO A FREDDO - Khemara - Pepe di Kampot","description":"Khemara \u2013 Il pepe rosso di Kampot \u00e8 un prodotto pi\u00f9 unico che raro. \u00c8 il frutto squisito della raccolta tardiva a bassa resa delle bacche mature...","robots":{"index":"index","follow":"follow","max-snippet":"max-snippet:-1","max-image-preview":"max-image-preview:large","max-video-preview":"max-video-preview:-1"},"canonical":"https:\/\/khemarapepper.com\/it\/prodotto\/il-rosso-affumicato-a-freddo-edizione-limitata-kampot-pepper-igp-khemara\/","og_locale":"it_IT","og_type":"article","og_title":"IL ROSSO AFFUMICATO A FREDDO - Khemara - Pepe di Kampot","og_description":"Khemara \u2013 Il pepe rosso di Kampot \u00e8 un prodotto pi\u00f9 unico che raro. \u00c8 il frutto squisito della raccolta tardiva a bassa resa delle bacche mature...","og_url":"https:\/\/khemarapepper.com\/it\/prodotto\/il-rosso-affumicato-a-freddo-edizione-limitata-kampot-pepper-igp-khemara\/","og_site_name":"khemara Pepper","article_publisher":"https:\/\/www.facebook.com\/KhemaraKampotPepper\/","article_modified_time":"2022-06-24T16:45:45+00:00","og_image":[{"width":700,"height":840,"url":"https:\/\/khemarapepper.com\/wp-content\/uploads\/2021\/12\/khemara_shop_red_smoked_2.jpg","type":"image\/jpeg"}],"twitter_card":"summary_large_image","twitter_site":"@KhemaraPepperCH","schema":{"@context":"https:\/\/schema.org","@graph":[{"@type":"WebPage","@id":"https:\/\/khemarapepper.com\/it\/prodotto\/il-rosso-affumicato-a-freddo-edizione-limitata-kampot-pepper-igp-khemara\/","url":"https:\/\/khemarapepper.com\/it\/prodotto\/il-rosso-affumicato-a-freddo-edizione-limitata-kampot-pepper-igp-khemara\/","name":"IL ROSSO AFFUMICATO A FREDDO - Khemara - Pepe di Kampot","isPartOf":{"@id":"https:\/\/khemarapepper.com\/it\/#website"},"primaryImageOfPage":{"@id":"https:\/\/khemarapepper.com\/it\/prodotto\/il-rosso-affumicato-a-freddo-edizione-limitata-kampot-pepper-igp-khemara\/#primaryimage"},"image":{"@id":"https:\/\/khemarapepper.com\/it\/prodotto\/il-rosso-affumicato-a-freddo-edizione-limitata-kampot-pepper-igp-khemara\/#primaryimage"},"thumbnailUrl":"https:\/\/khemarapepper.com\/wp-content\/uploads\/2021\/12\/khemara_shop_red_smoked_2.jpg","datePublished":"2021-12-02T16:02:31+00:00","dateModified":"2022-06-24T16:45:45+00:00","description":"Khemara \u2013 Il pepe rosso di Kampot \u00e8 un prodotto pi\u00f9 unico che raro. \u00c8 il frutto squisito della raccolta tardiva a bassa resa delle bacche mature...","breadcrumb":{"@id":"https:\/\/khemarapepper.com\/it\/prodotto\/il-rosso-affumicato-a-freddo-edizione-limitata-kampot-pepper-igp-khemara\/#breadcrumb"},"inLanguage":"it-IT","potentialAction":[{"@type":"ReadAction","target":["https:\/\/khemarapepper.com\/it\/prodotto\/il-rosso-affumicato-a-freddo-edizione-limitata-kampot-pepper-igp-khemara\/"]}]},{"@type":"ImageObject","inLanguage":"it-IT","@id":"https:\/\/khemarapepper.com\/it\/prodotto\/il-rosso-affumicato-a-freddo-edizione-limitata-kampot-pepper-igp-khemara\/#primaryimage","url":"https:\/\/khemarapepper.com\/wp-content\/uploads\/2021\/12\/khemara_shop_red_smoked_2.jpg","contentUrl":"https:\/\/khemarapepper.com\/wp-content\/uploads\/2021\/12\/khemara_shop_red_smoked_2.jpg","width":700,"height":840},{"@type":"BreadcrumbList","@id":"https:\/\/khemarapepper.com\/it\/prodotto\/il-rosso-affumicato-a-freddo-edizione-limitata-kampot-pepper-igp-khemara\/#breadcrumb","itemListElement":[{"@type":"ListItem","position":1,"name":"Home","item":"https:\/\/khemarapepper.com\/it\/"},{"@type":"ListItem","position":2,"name":"khemara shop","item":"https:\/\/khemarapepper.com\/it\/khemara-shop\/"},{"@type":"ListItem","position":3,"name":"IL ROSSO AFFUMICATO A FREDDO \u2013 EDIZIONE LIMITATA Kampot Pepper IGP Khemara"}]},{"@type":"WebSite","@id":"https:\/\/khemarapepper.com\/it\/#website","url":"https:\/\/khemarapepper.com\/it\/","name":"Khemara Pepper","description":"Kampot Pepper PGI","publisher":{"@id":"https:\/\/khemarapepper.com\/it\/#organization"},"potentialAction":[{"@type":"SearchAction","target":{"@type":"EntryPoint","urlTemplate":"https:\/\/khemarapepper.com\/it\/?s={search_term_string}"},"query-input":{"@type":"PropertyValueSpecification","valueRequired":true,"valueName":"search_term_string"}}],"inLanguage":"it-IT"},{"@type":"Organization","@id":"https:\/\/khemarapepper.com\/it\/#organization","name":"khemarapepper","url":"https:\/\/khemarapepper.com\/it\/","logo":{"@type":"ImageObject","inLanguage":"it-IT","@id":"https:\/\/khemarapepper.com\/it\/#\/schema\/logo\/image\/","url":"https:\/\/khemarapepper.com\/wp-content\/uploads\/2019\/01\/khemara_motto_512x512.png","contentUrl":"https:\/\/khemarapepper.com\/wp-content\/uploads\/2019\/01\/khemara_motto_512x512.png","width":512,"height":512,"caption":"khemarapepper"},"image":{"@id":"https:\/\/khemarapepper.com\/it\/#\/schema\/logo\/image\/"},"sameAs":["https:\/\/www.facebook.com\/KhemaraKampotPepper\/","https:\/\/x.com\/KhemaraPepperCH","https:\/\/www.instagram.com\/kampotpepper_khemara\/?hl=en"]}]}},"_links":{"self":[{"href":"https:\/\/khemarapepper.com\/it\/wp-json\/wp\/v2\/product\/33150","targetHints":{"allow":["GET"]}}],"collection":[{"href":"https:\/\/khemarapepper.com\/it\/wp-json\/wp\/v2\/product"}],"about":[{"href":"https:\/\/khemarapepper.com\/it\/wp-json\/wp\/v2\/types\/product"}],"wp:featuredmedia":[{"embeddable":true,"href":"https:\/\/khemarapepper.com\/it\/wp-json\/wp\/v2\/media\/33156"}],"wp:attachment":[{"href":"https:\/\/khemarapepper.com\/it\/wp-json\/wp\/v2\/media?parent=33150"}],"wp:term":[{"taxonomy":"product_brand","embeddable":true,"href":"https:\/\/khemarapepper.com\/it\/wp-json\/wp\/v2\/product_brand?post=33150"},{"taxonomy":"product_cat","embeddable":true,"href":"https:\/\/khemarapepper.com\/it\/wp-json\/wp\/v2\/product_cat?post=33150"},{"taxonomy":"product_tag","embeddable":true,"href":"https:\/\/khemarapepper.com\/it\/wp-json\/wp\/v2\/product_tag?post=33150"}],"curies":[{"name":"wp","href":"https:\/\/api.w.org\/{rel}","templated":true}]}}